{"id":2246,"date":"2024-04-25T15:33:25","date_gmt":"2024-04-25T13:33:25","guid":{"rendered":"https:\/\/marcusb44.sg-host.com\/ueber-uns\/"},"modified":"2024-09-19T17:22:01","modified_gmt":"2024-09-19T15:22:01","slug":"ueber-uns","status":"publish","type":"page","link":"https:\/\/cocktailchef-anlage.de\/hr\/ueber-uns\/","title":{"rendered":"O nama"},"content":{"rendered":"\t\t<div data-elementor-type=\"wp-page\" data-elementor-id=\"2246\" class=\"elementor elementor-2246 elementor-282\" data-elementor-post-type=\"page\">\n\t\t\t\t<div class=\"elementor-element elementor-element-37be689 e-flex e-con-boxed e-con e-parent\" data-id=\"37be689\" data-element_type=\"container\" data-e-type=\"container\" data-settings=\"{&quot;background_background&quot;:&quot;classic&quot;}\">\n\t\t\t\t\t<div class=\"e-con-inner\">\n\t\t<div class=\"elementor-element elementor-element-2b1372b e-con-full e-transform e-flex e-con e-child\" data-id=\"2b1372b\" data-element_type=\"container\" data-e-type=\"container\" data-settings=\"{&quot;_transform_rotateZ_effect&quot;:{&quot;unit&quot;:&quot;px&quot;,&quot;size&quot;:-3,&quot;sizes&quot;:[]},&quot;_transform_rotateZ_effect_widescreen&quot;:{&quot;unit&quot;:&quot;deg&quot;,&quot;size&quot;:&quot;&quot;,&quot;sizes&quot;:[]},&quot;_transform_rotateZ_effect_laptop&quot;:{&quot;unit&quot;:&quot;deg&quot;,&quot;size&quot;:&quot;&quot;,&quot;sizes&quot;:[]},&quot;_transform_rotateZ_effect_tablet&quot;:{&quot;unit&quot;:&quot;deg&quot;,&quot;size&quot;:&quot;&quot;,&quot;sizes&quot;:[]},&quot;_transform_rotateZ_effect_mobile&quot;:{&quot;unit&quot;:&quot;deg&quot;,&quot;size&quot;:&quot;&quot;,&quot;sizes&quot;:[]}}\">\n\t\t\t\t<div class=\"elementor-element elementor-element-bdbdd4e fit-content elementor-widget elementor-widget-heading\" data-id=\"bdbdd4e\" data-element_type=\"widget\" data-e-type=\"widget\" data-widget_type=\"heading.default\">\n\t\t\t\t<div class=\"elementor-widget-container\">\n\t\t\t\t\t<h2 class=\"elementor-heading-title elementor-size-default\">O nama<\/h2>\t\t\t\t<\/div>\n\t\t\t\t<\/div>\n\t\t<div class=\"elementor-element elementor-element-8991c5b e-con-full e-flex e-con e-child\" data-id=\"8991c5b\" data-element_type=\"container\" data-e-type=\"container\">\n\t\t\t\t<div class=\"elementor-element elementor-element-cc629e9 fit-content elementor-widget elementor-widget-button\" data-id=\"cc629e9\" data-element_type=\"widget\" data-e-type=\"widget\" data-widget_type=\"button.default\">\n\t\t\t\t<div class=\"elementor-widget-container\">\n\t\t\t\t\t\t\t\t\t<div class=\"elementor-button-wrapper\">\n\t\t\t\t\t<a class=\"elementor-button elementor-button-link elementor-size-sm\" href=\"#elementor-action%3Aaction%3Dpopup%3Aopen%26settings%3DeyJpZCI6MjIzMiwidG9nZ2xlIjpmYWxzZX0%3D\">\n\t\t\t\t\t\t<span class=\"elementor-button-content-wrapper\">\n\t\t\t\t\t\t<span class=\"elementor-button-icon\">\n\t\t\t\t<svg aria-hidden=\"true\" class=\"e-font-icon-svg e-fas-angle-right\" viewBox=\"0 0 256 512\" xmlns=\"http:\/\/www.w3.org\/2000\/svg\"><path d=\"M224.3 273l-136 136c-9.4 9.4-24.6 9.4-33.9 0l-22.6-22.6c-9.4-9.4-9.4-24.6 0-33.9l96.4-96.4-96.4-96.4c-9.4-9.4-9.4-24.6 0-33.9L54.3 103c9.4-9.4 24.6-9.4 33.9 0l136 136c9.5 9.4 9.5 24.6.1 34z\"><\/path><\/svg>\t\t\t<\/span>\n\t\t\t\t\t\t\t\t\t<span class=\"elementor-button-text\">Zatra\u017eite privitak<\/span>\n\t\t\t\t\t<\/span>\n\t\t\t\t\t<\/a>\n\t\t\t\t<\/div>\n\t\t\t\t\t\t\t\t<\/div>\n\t\t\t\t<\/div>\n\t\t\t\t<div class=\"elementor-element elementor-element-46a8917 elementor-align-left fit-content elementor-widget elementor-widget-button\" data-id=\"46a8917\" data-element_type=\"widget\" data-e-type=\"widget\" data-widget_type=\"button.default\">\n\t\t\t\t<div class=\"elementor-widget-container\">\n\t\t\t\t\t\t\t\t\t<div class=\"elementor-button-wrapper\">\n\t\t\t\t\t<a class=\"elementor-button elementor-button-link elementor-size-sm\" href=\"https:\/\/cocktailchef-anlage.de\/hr\/suche\/\">\n\t\t\t\t\t\t<span class=\"elementor-button-content-wrapper\">\n\t\t\t\t\t\t<span class=\"elementor-button-icon\">\n\t\t\t\t<svg aria-hidden=\"true\" class=\"e-font-icon-svg e-fas-angle-right\" viewBox=\"0 0 256 512\" xmlns=\"http:\/\/www.w3.org\/2000\/svg\"><path d=\"M224.3 273l-136 136c-9.4 9.4-24.6 9.4-33.9 0l-22.6-22.6c-9.4-9.4-9.4-24.6 0-33.9l96.4-96.4-96.4-96.4c-9.4-9.4-9.4-24.6 0-33.9L54.3 103c9.4-9.4 24.6-9.4 33.9 0l136 136c9.5 9.4 9.5 24.6.1 34z\"><\/path><\/svg>\t\t\t<\/span>\n\t\t\t\t\t\t\t\t\t<span class=\"elementor-button-text\">Partneri u mojoj blizini<\/span>\n\t\t\t\t\t<\/span>\n\t\t\t\t\t<\/a>\n\t\t\t\t<\/div>\n\t\t\t\t\t\t\t\t<\/div>\n\t\t\t\t<\/div>\n\t\t\t\t<\/div>\n\t\t\t\t<\/div>\n\t\t<div class=\"elementor-element elementor-element-fcd787a e-con-full e-transform e-flex e-con e-child\" data-id=\"fcd787a\" data-element_type=\"container\" data-e-type=\"container\" data-settings=\"{&quot;_transform_rotateZ_effect&quot;:{&quot;unit&quot;:&quot;px&quot;,&quot;size&quot;:-3,&quot;sizes&quot;:[]},&quot;_transform_rotateZ_effect_widescreen&quot;:{&quot;unit&quot;:&quot;deg&quot;,&quot;size&quot;:&quot;&quot;,&quot;sizes&quot;:[]},&quot;_transform_rotateZ_effect_laptop&quot;:{&quot;unit&quot;:&quot;deg&quot;,&quot;size&quot;:&quot;&quot;,&quot;sizes&quot;:[]},&quot;_transform_rotateZ_effect_tablet&quot;:{&quot;unit&quot;:&quot;deg&quot;,&quot;size&quot;:&quot;&quot;,&quot;sizes&quot;:[]},&quot;_transform_rotateZ_effect_mobile&quot;:{&quot;unit&quot;:&quot;deg&quot;,&quot;size&quot;:&quot;&quot;,&quot;sizes&quot;:[]}}\">\n\t\t\t\t<div class=\"elementor-element elementor-element-8166632 elementor-widget elementor-widget-shortcode\" data-id=\"8166632\" data-element_type=\"widget\" data-e-type=\"widget\" data-widget_type=\"shortcode.default\">\n\t\t\t\t<div class=\"elementor-widget-container\">\n\t\t\t\t\t\t\t<div class=\"elementor-shortcode\">\t\t<div data-elementor-type=\"container\" data-elementor-id=\"2224\" class=\"elementor elementor-2224 elementor-1810 elementor-1810\" data-elementor-post-type=\"elementor_library\">\n\t\t\t\t<a class=\"elementor-element elementor-element-2981ec1c e-con-full e-flex e-con e-parent\" data-id=\"2981ec1c\" data-element_type=\"container\" data-e-type=\"container\" id=\"partner-werden-btn\" data-settings=\"{&quot;background_background&quot;:&quot;classic&quot;}\" href=\"https:\/\/cocktailchef-anlage.de\/#franchise\" target=\"_blank\">\n\t\t\t\t<div class=\"elementor-element elementor-element-46068628 elementor-widget elementor-widget-heading\" data-id=\"46068628\" data-element_type=\"widget\" data-e-type=\"widget\" data-widget_type=\"heading.default\">\n\t\t\t\t<div class=\"elementor-widget-container\">\n\t\t\t\t\t<span class=\"elementor-heading-title elementor-size-default\">Jetzt<\/span>\t\t\t\t<\/div>\n\t\t\t\t<\/div>\n\t\t<div class=\"elementor-element elementor-element-336c2f1f e-con-full e-flex e-con e-child\" data-id=\"336c2f1f\" data-element_type=\"container\" data-e-type=\"container\">\n\t\t\t\t<div class=\"elementor-element elementor-element-1828e37c elementor-widget__width-initial elementor-widget elementor-widget-heading\" data-id=\"1828e37c\" data-element_type=\"widget\" data-e-type=\"widget\" data-widget_type=\"heading.default\">\n\t\t\t\t<div class=\"elementor-widget-container\">\n\t\t\t\t\t<h3 class=\"elementor-heading-title elementor-size-default\">Partner\nwerden<\/h3>\t\t\t\t<\/div>\n\t\t\t\t<\/div>\n\t\t\t\t<\/div>\n\t\t\t\t<\/a>\n\t\t\t\t<\/div>\n\t\t<\/div>\n\t\t\t\t\t\t<\/div>\n\t\t\t\t<\/div>\n\t\t\t\t<\/div>\n\t\t\t\t\t<\/div>\n\t\t\t\t<\/div>\n\t\t<div class=\"elementor-element elementor-element-bbe3509 e-flex e-con-boxed e-con e-parent\" data-id=\"bbe3509\" data-element_type=\"container\" data-e-type=\"container\" data-settings=\"{&quot;background_background&quot;:&quot;classic&quot;}\">\n\t\t\t\t\t<div class=\"e-con-inner\">\n\t\t<div class=\"elementor-element elementor-element-381e2c3 e-con-full e-flex e-con e-child\" data-id=\"381e2c3\" data-element_type=\"container\" data-e-type=\"container\">\n\t\t\t\t<div class=\"elementor-element elementor-element-ded1f20 elementor-widget__width-inherit elementor-hidden-mobile elementor-widget elementor-widget-eael-content-timeline\" data-id=\"ded1f20\" data-element_type=\"widget\" data-e-type=\"widget\" data-widget_type=\"eael-content-timeline.default\">\n\t\t\t\t<div class=\"elementor-widget-container\">\n\t\t\t\t\t\t\t<div id=\"eael-content-timeline-ded1f20\" class=\"content-timeline-layout- date-position- horizontal-timeline-wrapper\" data-slide_to_scroll=\"{&quot;desktop&quot;:&quot;1&quot;,&quot;mobile&quot;:1,&quot;tablet&quot;:1,&quot;laptop&quot;:1,&quot;widescreen&quot;:1}\">\n\t\t\t<div class=\"eael-content-timeline-container\">\n\t\t\t\t<div class=\"eael-content-timeline-container\">\n\t\t\t\t\t<div class=\"eael-horizontal-timeline eael-horizontal-timeline--layout-top eael-horizontal-timeline--align-left eael-horizontal-timeline--arrows\">\n        <div class=\"eael-horizontal-timeline-inner\">\n        \n    <div class=\"eael-horizontal-timeline-track\">\n        \n                <div class=\"eael-horizontal-timeline-list eael-horizontal-timeline-list--top top\">\n                    \t\t\t\t<div class=\"eael-horizontal-timeline-item top is-active\">\n\t\t\t\t\t<div class=\"eael-horizontal-timeline-item__card top\">\n\t\t\t\t\t\t<div class=\"eael-horizontal-timeline-item__card-inner\">\n\t\t\t\t\t\t\t\n\t\t\t\t\t\t\t<h4 class=\"eael-horizontal-timeline-item__card-title\">2013<\/h4>\t\t\t\t\t\t\t<div class=\"eael-horizontal-timeline-item__card-desc\">\n\t\t\t\t\t\t\t\t<div class=\"eael-timeline-excerpt\"><p>Prvi sustav koktel kuhara oboga\u0107uje karneval u Kirchhainu.<\/p>\n<p>Pu\u0161tanje u rad prve radionice u Am\u00f6neburg-Mardorfu.<\/p>\n<\/div>\t\t\t\t\t\t\t<\/div>\n\t\t\t\t\t\t<\/div>\n\t\t\t\t\t\t\n\t\t\t\t\t\t<div class=\"eael-horizontal-timeline-item__card-arrow top\"><\/div>\n\t\t\t\t\t<\/div>\n\t\t\t\t<\/div>\n\t\t\t\t\t\t\t\t<div class=\"eael-horizontal-timeline-item top \">\n\t\t\t\t\t<div class=\"eael-horizontal-timeline-item__card top\">\n\t\t\t\t\t\t<div class=\"eael-horizontal-timeline-item__card-inner\">\n\t\t\t\t\t\t\t\n\t\t\t\t\t\t\t<h4 class=\"eael-horizontal-timeline-item__card-title\">2020<\/h4>\t\t\t\t\t\t\t<div class=\"eael-horizontal-timeline-item__card-desc\">\n\t\t\t\t\t\t\t\t<div class=\"eael-timeline-excerpt\"><p>Isporuka 30. koktel chef sustava u fran\u0161iznom sustavu.<\/p>\n<p>Isporuka prvog sustava u Austriju i Belgiju.<\/p>\n<\/div>\t\t\t\t\t\t\t<\/div>\n\t\t\t\t\t\t<\/div>\n\t\t\t\t\t\t\n\t\t\t\t\t\t<div class=\"eael-horizontal-timeline-item__card-arrow top\"><\/div>\n\t\t\t\t\t<\/div>\n\t\t\t\t<\/div>\n\t\t\t\t\t\t\t\t<div class=\"eael-horizontal-timeline-item top \">\n\t\t\t\t\t<div class=\"eael-horizontal-timeline-item__card top\">\n\t\t\t\t\t\t<div class=\"eael-horizontal-timeline-item__card-inner\">\n\t\t\t\t\t\t\t\n\t\t\t\t\t\t\t<h4 class=\"eael-horizontal-timeline-item__card-title\">2021<\/h4>\t\t\t\t\t\t\t<div class=\"eael-horizontal-timeline-item__card-desc\">\n\t\t\t\t\t\t\t\t<div class=\"eael-timeline-excerpt\"><p>Preselite se u novu radionicu u Am\u00f6neburgu.<\/p>\n<p>Isporuka 40. Cocktailchef sustava u fran\u0161iznom sustavu.<\/p>\n<\/div>\t\t\t\t\t\t\t<\/div>\n\t\t\t\t\t\t<\/div>\n\t\t\t\t\t\t\n\t\t\t\t\t\t<div class=\"eael-horizontal-timeline-item__card-arrow top\"><\/div>\n\t\t\t\t\t<\/div>\n\t\t\t\t<\/div>\n\t\t\t\t\t\t\t\t<div class=\"eael-horizontal-timeline-item top \">\n\t\t\t\t\t<div class=\"eael-horizontal-timeline-item__card top\">\n\t\t\t\t\t\t<div class=\"eael-horizontal-timeline-item__card-inner\">\n\t\t\t\t\t\t\t\n\t\t\t\t\t\t\t<h4 class=\"eael-horizontal-timeline-item__card-title\">2022<\/h4>\t\t\t\t\t\t\t<div class=\"eael-horizontal-timeline-item__card-desc\">\n\t\t\t\t\t\t\t\t<div class=\"eael-timeline-excerpt\"><p>Isporuka 100. koktel chef sustava u fran\u0161iznom sustavu. <\/p>\n<p>Isporuka prvog sustava na Mallorcu.<\/p>\n<\/div>\t\t\t\t\t\t\t<\/div>\n\t\t\t\t\t\t<\/div>\n\t\t\t\t\t\t\n\t\t\t\t\t\t<div class=\"eael-horizontal-timeline-item__card-arrow top\"><\/div>\n\t\t\t\t\t<\/div>\n\t\t\t\t<\/div>\n\t\t\t\t\t\t\t\t<div class=\"eael-horizontal-timeline-item top \">\n\t\t\t\t\t<div class=\"eael-horizontal-timeline-item__card top\">\n\t\t\t\t\t\t<div class=\"eael-horizontal-timeline-item__card-inner\">\n\t\t\t\t\t\t\t\n\t\t\t\t\t\t\t<h4 class=\"eael-horizontal-timeline-item__card-title\">2023<\/h4>\t\t\t\t\t\t\t<div class=\"eael-horizontal-timeline-item__card-desc\">\n\t\t\t\t\t\t\t\t<div class=\"eael-timeline-excerpt\"><p>Isporuka 150. Cocktailchef sustava. <\/p>\n<\/div>\t\t\t\t\t\t\t<\/div>\n\t\t\t\t\t\t<\/div>\n\t\t\t\t\t\t\n\t\t\t\t\t\t<div class=\"eael-horizontal-timeline-item__card-arrow top\"><\/div>\n\t\t\t\t\t<\/div>\n\t\t\t\t<\/div>\n\t\t\t\t                <\/div>\n                <div class=\"eael-horizontal-timeline-list eael-horizontal-timeline-list--middle top\">\n                    <div class=\"eael-horizontal-timeline__line\">\n                        <div class=\"eael-horizontal-timeline-item__highlight\"><\/div>\n                    <\/div>\n                    \t\t\t\t<div class=\"eael-horizontal-timeline-item eael-horizontal-timeline-item__line is-active\">\n\t\t\t\t\t<div class=\"eael-horizontal-timeline-item__point\">\n\t\t\t\t\t\t<div class=\"eael-horizontal-timeline-item__point-content\">\n\t\t\t\t\t\t\t<span class=\"eael-elements-icon\"> <svg class=\"e-font-icon-svg e-fas-circle\" viewBox=\"0 0 512 512\" xmlns=\"http:\/\/www.w3.org\/2000\/svg\"><path d=\"M256 8C119 8 8 119 8 256s111 248 248 248 248-111 248-248S393 8 256 8z\"><\/path><\/svg> <\/span>\n\t\t\t\t\t\t<\/div>\n\t\t\t\t\t<\/div>\n\t\t\t\t<\/div>\n\t\t\t\t\t\t\t\t<div class=\"eael-horizontal-timeline-item eael-horizontal-timeline-item__line \">\n\t\t\t\t\t<div class=\"eael-horizontal-timeline-item__point\">\n\t\t\t\t\t\t<div class=\"eael-horizontal-timeline-item__point-content\">\n\t\t\t\t\t\t\t<span class=\"eael-elements-icon\"> <svg class=\"e-font-icon-svg e-fas-circle\" viewBox=\"0 0 512 512\" xmlns=\"http:\/\/www.w3.org\/2000\/svg\"><path d=\"M256 8C119 8 8 119 8 256s111 248 248 248 248-111 248-248S393 8 256 8z\"><\/path><\/svg> <\/span>\n\t\t\t\t\t\t<\/div>\n\t\t\t\t\t<\/div>\n\t\t\t\t<\/div>\n\t\t\t\t\t\t\t\t<div class=\"eael-horizontal-timeline-item eael-horizontal-timeline-item__line \">\n\t\t\t\t\t<div class=\"eael-horizontal-timeline-item__point\">\n\t\t\t\t\t\t<div class=\"eael-horizontal-timeline-item__point-content\">\n\t\t\t\t\t\t\t<span class=\"eael-elements-icon\"> <svg class=\"e-font-icon-svg e-fas-circle\" viewBox=\"0 0 512 512\" xmlns=\"http:\/\/www.w3.org\/2000\/svg\"><path d=\"M256 8C119 8 8 119 8 256s111 248 248 248 248-111 248-248S393 8 256 8z\"><\/path><\/svg> <\/span>\n\t\t\t\t\t\t<\/div>\n\t\t\t\t\t<\/div>\n\t\t\t\t<\/div>\n\t\t\t\t\t\t\t\t<div class=\"eael-horizontal-timeline-item eael-horizontal-timeline-item__line \">\n\t\t\t\t\t<div class=\"eael-horizontal-timeline-item__point\">\n\t\t\t\t\t\t<div class=\"eael-horizontal-timeline-item__point-content\">\n\t\t\t\t\t\t\t<span class=\"eael-elements-icon\"> <svg class=\"e-font-icon-svg e-fas-circle\" viewBox=\"0 0 512 512\" xmlns=\"http:\/\/www.w3.org\/2000\/svg\"><path d=\"M256 8C119 8 8 119 8 256s111 248 248 248 248-111 248-248S393 8 256 8z\"><\/path><\/svg> <\/span>\n\t\t\t\t\t\t<\/div>\n\t\t\t\t\t<\/div>\n\t\t\t\t<\/div>\n\t\t\t\t\t\t\t\t<div class=\"eael-horizontal-timeline-item eael-horizontal-timeline-item__line \">\n\t\t\t\t\t<div class=\"eael-horizontal-timeline-item__point\">\n\t\t\t\t\t\t<div class=\"eael-horizontal-timeline-item__point-content\">\n\t\t\t\t\t\t\t<span class=\"eael-elements-icon\"> <svg class=\"e-font-icon-svg e-fas-circle\" viewBox=\"0 0 512 512\" xmlns=\"http:\/\/www.w3.org\/2000\/svg\"><path d=\"M256 8C119 8 8 119 8 256s111 248 248 248 248-111 248-248S393 8 256 8z\"><\/path><\/svg> <\/span>\n\t\t\t\t\t\t<\/div>\n\t\t\t\t\t<\/div>\n\t\t\t\t<\/div>\n\t\t\t\t                <\/div>\n                <div class=\"eael-horizontal-timeline-list eael-horizontal-timeline-list--bottom top\">\n                    \t\t\t\t<div class=\"eael-horizontal-timeline-item is-active\">\n\t\t\t\t\t\t\t\t\t\t\t<div class=\"eael-horizontal-timeline-item__meta\">\n\t\t\t\t\t\t\t\t\t\t\t\t\t<\/div>\n\t\t\t\t\t\t\t\t\t<\/div>\n\t\t\t\t\t\t\t\t<div class=\"eael-horizontal-timeline-item \">\n\t\t\t\t\t\t\t\t\t\t\t<div class=\"eael-horizontal-timeline-item__meta\">\n\t\t\t\t\t\t\t\t\t\t\t\t\t<\/div>\n\t\t\t\t\t\t\t\t\t<\/div>\n\t\t\t\t\t\t\t\t<div class=\"eael-horizontal-timeline-item \">\n\t\t\t\t\t\t\t\t\t\t\t<div class=\"eael-horizontal-timeline-item__meta\">\n\t\t\t\t\t\t\t\t\t\t\t\t\t<\/div>\n\t\t\t\t\t\t\t\t\t<\/div>\n\t\t\t\t\t\t\t\t<div class=\"eael-horizontal-timeline-item \">\n\t\t\t\t\t\t\t\t\t\t\t<div class=\"eael-horizontal-timeline-item__meta\">\n\t\t\t\t\t\t\t\t\t\t\t\t\t<\/div>\n\t\t\t\t\t\t\t\t\t<\/div>\n\t\t\t\t\t\t\t\t<div class=\"eael-horizontal-timeline-item \">\n\t\t\t\t\t\t\t\t\t\t\t<div class=\"eael-horizontal-timeline-item__meta\">\n\t\t\t\t\t\t\t\t\t\t\t\t\t<\/div>\n\t\t\t\t\t\t\t\t\t<\/div>\n\t\t\t\t                <\/div>\n                \n                    <\/div>\n\n    <i class=\"fa fa-angle-left eael-arrow eael-prev-arrow eael-arrow-disabled\"><\/i><i class=\"fa fa-angle-left eael-arrow eael-next-arrow\"><\/i>\n        <\/div> <!-- \/.eael-horizontal-timeline-inner -->\n    <\/div>\n\t\t\t\t<\/div>\n\t\t\t<\/div>\n\t\t<\/div>\n\t\t\t\t\t<\/div>\n\t\t\t\t<\/div>\n\t\t\t\t<div class=\"elementor-element elementor-element-c279da6 elementor-widget__width-inherit elementor-hidden-widescreen elementor-hidden-desktop elementor-hidden-laptop elementor-hidden-tablet elementor-widget elementor-widget-eael-content-timeline\" data-id=\"c279da6\" data-element_type=\"widget\" data-e-type=\"widget\" data-widget_type=\"eael-content-timeline.default\">\n\t\t\t\t<div class=\"elementor-widget-container\">\n\t\t\t\t\t\t\t<div id=\"eael-content-timeline-c279da6\" class=\"content-timeline-layout-center date-position- horizontal-timeline-wrapper\" data-slide_to_scroll=\"{&quot;desktop&quot;:1,&quot;mobile&quot;:1,&quot;tablet&quot;:1,&quot;laptop&quot;:1,&quot;widescreen&quot;:1}\">\n\t\t\t<div class=\"eael-content-timeline-container\">\n\t\t\t\t<div class=\"eael-content-timeline-container\">\n\t\t\t\t\t\t\t\t\t\t\t\t\t\t\t\t\t\t\t\t\t\t\t<div class=\"eael-content-timeline-block\">\n    <div class=\"eael-content-timeline-line\">\n        <div class=\"eael-content-timeline-inner\"><\/div>\n    <\/div>\n    <div class=\"eael-content-timeline-img eael-picture \"><svg class=\"e-font-icon-svg e-fas-circle\" viewBox=\"0 0 512 512\" xmlns=\"http:\/\/www.w3.org\/2000\/svg\"><path d=\"M256 8C119 8 8 119 8 256s111 248 248 248 248-111 248-248S393 8 256 8z\"><\/path><\/svg><\/div><div class=\"eael-content-timeline-content\"><span class=\"eael-date\"><\/span><h4 class=\"eael-timeline-title\">2013<\/h4><div class=\"eael-timeline-excerpt\"><p>Prvi sustav koktel kuhara oboga\u0107uje karneval u Kirchhainu.<\/p>\n<p>Pu\u0161tanje u rad prve radionice u Am\u00f6neburg-Mardorfu.<\/p>\n<\/div><\/div><\/div>\t\t\t\t\t\t\t\t\t\t\t\t\t\t\t\t\t\t<div class=\"eael-content-timeline-block\">\n    <div class=\"eael-content-timeline-line\">\n        <div class=\"eael-content-timeline-inner\"><\/div>\n    <\/div>\n    <div class=\"eael-content-timeline-img eael-picture \"><svg class=\"e-font-icon-svg e-fas-circle\" viewBox=\"0 0 512 512\" xmlns=\"http:\/\/www.w3.org\/2000\/svg\"><path d=\"M256 8C119 8 8 119 8 256s111 248 248 248 248-111 248-248S393 8 256 8z\"><\/path><\/svg><\/div><div class=\"eael-content-timeline-content\"><span class=\"eael-date\"><\/span><h4 class=\"eael-timeline-title\">2020<\/h4><div class=\"eael-timeline-excerpt\"><p>Isporuka 30. koktel chef sustava u fran\u0161iznom sustavu.<\/p>\n<p>Isporuka prvog sustava u Austriju i Belgiju.<\/p>\n<\/div><\/div><\/div>\t\t\t\t\t\t\t\t\t\t\t\t\t\t\t\t\t\t<div class=\"eael-content-timeline-block\">\n    <div class=\"eael-content-timeline-line\">\n        <div class=\"eael-content-timeline-inner\"><\/div>\n    <\/div>\n    <div class=\"eael-content-timeline-img eael-picture \"><svg class=\"e-font-icon-svg e-fas-circle\" viewBox=\"0 0 512 512\" xmlns=\"http:\/\/www.w3.org\/2000\/svg\"><path d=\"M256 8C119 8 8 119 8 256s111 248 248 248 248-111 248-248S393 8 256 8z\"><\/path><\/svg><\/div><div class=\"eael-content-timeline-content\"><span class=\"eael-date\"><\/span><h4 class=\"eael-timeline-title\">2021<\/h4><div class=\"eael-timeline-excerpt\"><p>Preselite se u novu radionicu u Am\u00f6neburgu.<\/p>\n<p>Isporuka 40. Cocktailchef sustava u fran\u0161iznom sustavu.<\/p>\n<\/div><\/div><\/div>\t\t\t\t\t\t\t\t\t\t\t\t\t\t\t\t\t\t<div class=\"eael-content-timeline-block\">\n    <div class=\"eael-content-timeline-line\">\n        <div class=\"eael-content-timeline-inner\"><\/div>\n    <\/div>\n    <div class=\"eael-content-timeline-img eael-picture \"><svg class=\"e-font-icon-svg e-fas-circle\" viewBox=\"0 0 512 512\" xmlns=\"http:\/\/www.w3.org\/2000\/svg\"><path d=\"M256 8C119 8 8 119 8 256s111 248 248 248 248-111 248-248S393 8 256 8z\"><\/path><\/svg><\/div><div class=\"eael-content-timeline-content\"><span class=\"eael-date\"><\/span><h4 class=\"eael-timeline-title\">2022<\/h4><div class=\"eael-timeline-excerpt\"><p>Isporuka 100. koktel chef sustava u fran\u0161iznom sustavu. <\/p>\n<p>Isporuka prvog sustava na Mallorcu.<\/p>\n<\/div><\/div><\/div>\t\t\t\t\t\t\t\t\t\t\t\t\t\t\t\t\t\t<div class=\"eael-content-timeline-block\">\n    <div class=\"eael-content-timeline-line\">\n        <div class=\"eael-content-timeline-inner\"><\/div>\n    <\/div>\n    <div class=\"eael-content-timeline-img eael-picture \"><svg class=\"e-font-icon-svg e-fas-circle\" viewBox=\"0 0 512 512\" xmlns=\"http:\/\/www.w3.org\/2000\/svg\"><path d=\"M256 8C119 8 8 119 8 256s111 248 248 248 248-111 248-248S393 8 256 8z\"><\/path><\/svg><\/div><div class=\"eael-content-timeline-content\"><span class=\"eael-date\"><\/span><h4 class=\"eael-timeline-title\">2023<\/h4><div class=\"eael-timeline-excerpt\"><p>Isporuka 150. Cocktailchef sustava. <\/p>\n<\/div><\/div><\/div>\t\t\t\t<\/div>\n\t\t\t<\/div>\n\t\t<\/div>\n\t\t\t\t\t<\/div>\n\t\t\t\t<\/div>\n\t\t\t\t<\/div>\n\t\t\t\t\t<\/div>\n\t\t\t\t<\/div>\n\t\t<div class=\"elementor-element elementor-element-8cd920d e-flex e-con-boxed e-con e-parent\" data-id=\"8cd920d\" data-element_type=\"container\" data-e-type=\"container\" data-settings=\"{&quot;background_background&quot;:&quot;classic&quot;}\">\n\t\t\t\t\t<div class=\"e-con-inner\">\n\t\t<div class=\"elementor-element elementor-element-fae70c0 e-con-full e-flex e-con e-child\" data-id=\"fae70c0\" data-element_type=\"container\" data-e-type=\"container\">\n\t\t\t\t<div class=\"elementor-element elementor-element-12cfedb elementor-widget elementor-widget-image\" data-id=\"12cfedb\" data-element_type=\"widget\" data-e-type=\"widget\" data-widget_type=\"image.default\">\n\t\t\t\t<div class=\"elementor-widget-container\">\n\t\t\t\t\t\t\t\t\t\t\t\t\t\t\t<img fetchpriority=\"high\" decoding=\"async\" width=\"800\" height=\"626\" src=\"https:\/\/cocktailchef-anlage.de\/wp-content\/uploads\/2024\/05\/UeberUns_Unten.webp\" class=\"attachment-large size-large wp-image-2333\" alt=\"\" srcset=\"https:\/\/cocktailchef-anlage.de\/wp-content\/uploads\/2024\/05\/UeberUns_Unten.webp 986w, https:\/\/cocktailchef-anlage.de\/wp-content\/uploads\/2024\/05\/UeberUns_Unten-300x235.webp 300w, https:\/\/cocktailchef-anlage.de\/wp-content\/uploads\/2024\/05\/UeberUns_Unten-768x601.webp 768w\" sizes=\"(max-width: 800px) 100vw, 800px\" \/>\t\t\t\t\t\t\t\t\t\t\t\t\t\t\t<\/div>\n\t\t\t\t<\/div>\n\t\t\t\t<\/div>\n\t\t<div class=\"elementor-element elementor-element-1029339 e-con-full e-flex e-con e-child\" data-id=\"1029339\" data-element_type=\"container\" data-e-type=\"container\">\n\t\t\t\t<div class=\"elementor-element elementor-element-ddd17cc fit-content elementor-widget elementor-widget-heading\" data-id=\"ddd17cc\" data-element_type=\"widget\" data-e-type=\"widget\" data-widget_type=\"heading.default\">\n\t\t\t\t<div class=\"elementor-widget-container\">\n\t\t\t\t\t<h4 class=\"elementor-heading-title elementor-size-default\">Obiteljsko<\/h4>\t\t\t\t<\/div>\n\t\t\t\t<\/div>\n\t\t\t\t<div class=\"elementor-element elementor-element-02a7dc0 fit-content elementor-widget elementor-widget-heading\" data-id=\"02a7dc0\" data-element_type=\"widget\" data-e-type=\"widget\" data-widget_type=\"heading.default\">\n\t\t\t\t<div class=\"elementor-widget-container\">\n\t\t\t\t\t<h4 class=\"elementor-heading-title elementor-size-default\">poduze\u0107e<\/h4>\t\t\t\t<\/div>\n\t\t\t\t<\/div>\n\t\t\t\t<div class=\"elementor-element elementor-element-c8556ca elementor-widget-tablet__width-initial elementor-widget elementor-widget-text-editor\" data-id=\"c8556ca\" data-element_type=\"widget\" data-e-type=\"widget\" data-widget_type=\"text-editor.default\">\n\t\t\t\t<div class=\"elementor-widget-container\">\n\t\t\t\t\t\t\t\t\t<p>Mi smo obiteljsko poduze\u0107e iz oblasti Marburga u Hessenu. Od 2013. godine na\u0161a je filozofija odu\u0161eviti na\u0161e kupce svje\u017eim koktelima. Na\u0161e koktel chef sustave gradimo u potpunosti u vlastitoj radionici. Na\u0161 sustav i softver za koktel kuhara olak\u0161avaju rad tijekom doga\u0111aja. Osim toga, nudimo sveobuhvatnu uslugu i brigu o objektu.    <\/p>\n\t\t\t\t\t\t\t\t<\/div>\n\t\t\t\t<\/div>\n\t\t\t\t<\/div>\n\t\t\t\t\t<\/div>\n\t\t\t\t<\/div>\n\t\t\t\t<\/div>\n\t\t","protected":false},"excerpt":{"rendered":"<p>O nama Zatra\u017eite privitak Partneri u mojoj blizini 2013 Prvi sustav koktel kuhara oboga\u0107uje karneval u Kirchhainu. Pu\u0161tanje u rad prve radionice u Am\u00f6neburg-Mardorfu. 2020 Isporuka 30. koktel chef sustava u fran\u0161iznom sustavu. Isporuka prvog sustava u Austriju i Belgiju. 2021 Preselite se u novu radionicu u Am\u00f6neburgu. Isporuka 40. Cocktailchef sustava u fran\u0161iznom sustavu. [&hellip;]<\/p>\n","protected":false},"author":1,"featured_media":0,"parent":0,"menu_order":0,"comment_status":"closed","ping_status":"closed","template":"","meta":{"footnotes":""},"kategorie":[],"class_list":["post-2246","page","type-page","status-publish","hentry"],"_links":{"self":[{"href":"https:\/\/cocktailchef-anlage.de\/hr\/wp-json\/wp\/v2\/pages\/2246","targetHints":{"allow":["GET"]}}],"collection":[{"href":"https:\/\/cocktailchef-anlage.de\/hr\/wp-json\/wp\/v2\/pages"}],"about":[{"href":"https:\/\/cocktailchef-anlage.de\/hr\/wp-json\/wp\/v2\/types\/page"}],"author":[{"embeddable":true,"href":"https:\/\/cocktailchef-anlage.de\/hr\/wp-json\/wp\/v2\/users\/1"}],"replies":[{"embeddable":true,"href":"https:\/\/cocktailchef-anlage.de\/hr\/wp-json\/wp\/v2\/comments?post=2246"}],"version-history":[{"count":0,"href":"https:\/\/cocktailchef-anlage.de\/hr\/wp-json\/wp\/v2\/pages\/2246\/revisions"}],"wp:attachment":[{"href":"https:\/\/cocktailchef-anlage.de\/hr\/wp-json\/wp\/v2\/media?parent=2246"}],"wp:term":[{"taxonomy":"kategorie","embeddable":true,"href":"https:\/\/cocktailchef-anlage.de\/hr\/wp-json\/wp\/v2\/kategorie?post=2246"}],"curies":[{"name":"wp","href":"https:\/\/api.w.org\/{rel}","templated":true}]}}